{"id":58,"date":"2018-08-15T14:44:34","date_gmt":"2018-08-15T13:44:34","guid":{"rendered":"https:\/\/maradentro.at\/?page_id=58"},"modified":"2024-12-11T11:33:35","modified_gmt":"2024-12-11T10:33:35","slug":"impressum-kontakt","status":"publish","type":"page","link":"https:\/\/maradentro.at\/?page_id=58","title":{"rendered":"Impressum &#038; Kontakt"},"content":{"rendered":"<p>Informationspflicht laut \u00a75 E-Commerce Gesetz, \u00a714 Unternehmensgesetzbuch, \u00a763 Gewerbeordnung und Offenlegungspflicht laut \u00a725 Mediengesetz.<\/p>\n<p>Maradentro e.U.<br \/>Dr. Helmut Pisecky<br \/>T\u00f6llergasse 13\/2\/233<br \/>A-1210 Wien<br \/>www.maradentro.at<br \/>office [at] maradentro.at<br \/>Tel. 0699 1 9072097<\/p>\n<p>maradentro e.U.<br \/>Sitz: Wien<br \/>FN: 336435h, HG Wien<br \/>UID: ATU65401399<br \/>Mitglied der Wirtschaftskammer Wien, Pers\u00f6nliche Dienstleister; Gewerbliche Dienstleister<br \/>T\u00e4tigkeiten unterliegen der GewO 1994<\/p>\n<p>Gewerbeberechtigungen: <br \/>Humanenergetik<br \/>Sammeln und Verkaufen von Informationen und Ausk\u00fcnften (Nachrichtenagentur); <br \/>Organisation von Schulungen und Seminaren; <br \/>Vermittlung von Werkvertr\u00e4gen<br \/><br \/><\/p>\n<p>Alle Bildrechte, wenn nicht anders angegeben, liegen beim Medieninhaber.<\/p>\n<p><a href=\"http:\/\/firmen.wko.at\/Web\/DetailsInfos.aspx?FirmaID=a38999f5-1013-476c-aa74-66daa085a8e7\" target=\"_blank\" rel=\"noopener noreferrer\">LINK zur WKO<\/a><\/p>\n<p>&nbsp;<\/p>\n<p>Datenschutzerkl\u00e4rung<\/p>\n<p>Der Schutz Ihrer pers\u00f6nlichen Daten ist uns ein besonderes Anliegen. Wir verarbeiten Ihre Daten daher ausschlie\u00dflich auf Grundlage der gesetzlichen Bestimmungen (DSGVO, TKG 2003).<\/p>\n<p>Erfassung allgemeiner Informationen<\/p>\n<p>Mit jedem Zugriff auf dieses Angebot werden durch uns bzw. den Webspace-Provider automatisch Informationen erfasst. Diese Informationen, auch als Server-Logfiles bezeichnet, sind allgemeiner Natur und erlauben keine R\u00fcckschl\u00fcsse auf Ihre Person. Erfasst werden unter anderem: Name der Webseite, Datei, Datum, Datenmenge, Webbrowser und Webbrowser-Version, Betriebssystem, der Domainname Ihres Internet-Providers, die sogenannte Referrer-URL (jene Seite, von der aus Sie auf unser Angebot zugegriffen haben) und die IP-Adresse. Dies ist aus technischen Gr\u00fcnden erforderlich und stellt damit ein berechtigtes Interesse i.S.v. Art 6 Abs 1 lit f DSGVO dar. Soweit im Folgenden nichts anderes geregelt wird, werden diese Daten von uns nicht weiterverarbeitet. Ihre Daten werden nicht an Dritte weitergegeben.<\/p>\n<p>Ohne diese Daten w\u00e4re es technisch teils nicht m\u00f6glich, die Inhalte der Webseite auszuliefern und darzustellen. Insofern ist die Erfassung der Daten zwingend notwendig. Dar\u00fcber hinaus verwenden wir die anonymen Informationen f\u00fcr statistische Zwecke. Sie helfen uns bei der Optimierung des Angebots und der Technik. Wir behalten uns zudem das Recht vor, die Log-Files bei Verdacht auf eine rechtswidrige Nutzung unseres Angebotes nachtr\u00e4glich zu kontrollieren.<\/p>\n<p>Wenn Sie per E-Mail Kontakt mit uns aufnehmen, werden Ihre angegebenen Daten zwecks Bearbeitung der Anfrage und f\u00fcr den Fall von Anschlussfragen sechs Monate bei uns gespeichert. Diese Daten geben wir nicht ohne Ihre Einwilligung weiter. Ihnen stehen grunds\u00e4tzlich die Rechte auf Auskunft, Berichtigung, L\u00f6schung, Einschr\u00e4nkung, Daten\u00fcbertragbarkeit, Widerruf und Widerspruch zu. Wenn Sie glauben, dass die Verarbeitung Ihrer Daten gegen das Datenschutzrecht verst\u00f6\u00dft oder Ihre datenschutzrechtlichen Anspr\u00fcche sonst in einer Weise verletzt worden sind, k\u00f6nnen Sie sich bei uns oder der Aufsichtsbeh\u00f6rde beschweren. In \u00d6sterreich ist dies die Datenschutzbeh\u00f6rde.<\/p>\n<p>Sie erreichen uns unter folgenden Kontaktdaten:<br \/>T\u00f6llergasse 13\/2\/233, 1210 Wien<br \/>Tel. 06991 9072097<br \/><a href=\"mailto:office@maradentro.at\">office@maradentro.at<\/a><\/p>\n<p>Kontakt mit uns<\/p>\n<p>Wenn Sie per E-Mail-Kontakt mit uns aufnehmen, werden Ihre angegebenen Daten zwecks Bearbeitung der Anfrage und f\u00fcr den Fall von Anschlussfragen sechs Monate bei uns gespeichert. Dies ist ein berechtigtes Interesse i.S.d. DSGVO. Diese Daten geben wir nicht ohne Ihre Einwilligung weiter.<\/p>\n<p>Einbindung von Diensten und Inhalten Dritter<\/p>\n<p>Unser Angebot umfasst mitunter Inhalte, Dienste und Leistungen anderer Anbieter. Das sind zum Beispiel Karten, die von Google-Maps zur Verf\u00fcgung gestellt werden, Google Fonts, Videos von YouTube sowie Grafiken und Bilder anderer Webseiten. Damit diese Daten im Browser des Nutzers aufgerufen und dargestellt werden k\u00f6nnen, ist die \u00dcbermittlung der IP-Adresse zwingend notwendig. Die Anbieter (im Folgenden als \u201eDritt-Anbieter\u201c bezeichnet) nehmen also die IP-Adresse des jeweiligen Nutzers wahr.<\/p>\n<p>Auch wenn wir bem\u00fcht sind, ausschlie\u00dflich Dritt-Anbieter zu nutzen, welche die IP-Adresse nur ben\u00f6tigen, um Inhalte ausliefern zu k\u00f6nnen, haben wir keinen Einfluss darauf, ob die IP-Adresse m\u00f6glicherweise gespeichert wird. Dieser Vorgang dient in dem Fall unter anderem statistischen Zwecken. Sofern wir Kenntnis davon haben, dass die IP-Adresse gespeichert wird, weisen wir unsere Nutzer darauf hin.<\/p>\n<p>Cookies<\/p>\n<p>Unsere Website verwendet sogenannte Cookies. Dabei handelt es sich um kleine Textdateien, die mit Hilfe des Browsers auf Ihrem Endger\u00e4t abgelegt werden. Sie richten keinen Schaden an.<\/p>\n<p>Wir nutzen Cookies aus technischen Gr\u00fcnden, um unser Informationsangebot funktionst\u00fcchtig anbieten zu k\u00f6nnen. Einige Cookies bleiben auf Ihrem Endger\u00e4t gespeichert, bis Sie diese l\u00f6schen. Sie erm\u00f6glichen es uns, Ihren Browser beim n\u00e4chsten Besuch wiederzuerkennen.<\/p>\n<p>Bei nicht funktionsbedingt erforderlichen Cookies ersuchen wir im Cookie-Fenster um Ihre Einwilligung (Art 6 Abs 1 lit a DSGVO).<\/p>\n<p>Bei Cookies, die im Cookie-Fenster als funktionsbedingt erforderlich gekennzeichnet sind, st\u00fctzen wir unsere Rechtsgrundlage auf unser berechtigtes Interesse (Art 6 Abs 1 lit f DSGVO), den Webauftritt benutzerfreundlich zu gestalten.<\/p>\n<p>Bei der Deaktivierung von Cookies kann die Funktionalit\u00e4t unserer Website eingeschr\u00e4nkt sein.<\/p>\n<p><a href=\"https:\/\/maradentro.at\/\">Zur\u00fcck zur Startseite<\/a><\/p>\n\n\n<p>Haftungsausschluss\/Disclaimer:<\/p>\n\n\n\n<p>Die Adresse unserer Website ist: https:\/\/maradentro.at.<\/p>\n\n\n\n<p>Der Autor \u00fcbernimmt keinerlei Gew\u00e4hr f\u00fcr die Aktualit\u00e4t, Richtigkeit und Vollst\u00e4ndigkeit der bereitgestellten Informationen auf unserer Website. Haftungsanspr\u00fcche gegen den Autor, welche sich auf Sch\u00e4den materieller oder ideeller Art beziehen, die durch die Nutzung oder Nichtnutzung der dargebotenen Informationen bzw. durch die Nutzung fehlerhafter und unvollst\u00e4ndiger Informationen verursacht wurden, sind grunds\u00e4tzlich ausgeschlossen, sofern seitens des Autors kein nachweislich vors\u00e4tzliches oder grob fahrl\u00e4ssiges Verschulden vorliegt. Alle Angebote sind freibleibend und unverbindlich. Der Autor beh\u00e4lt es sich ausdr\u00fccklich vor, Teile der Seiten oder das gesamte Angebot ohne gesonderte Ank\u00fcndigung zu ver\u00e4ndern, zu erg\u00e4nzen, zu l\u00f6schen oder die Ver\u00f6ffentlichung zeitweise oder endg\u00fcltig einzustellen.<\/p>\n\n\n\n<p>Bei direkten oder indirekten Verweisen auf fremde Webseiten (\u201cHyperlinks\u201d), die au\u00dferhalb des Verantwortungsbereiches des Autors liegen, w\u00fcrde eine Haftungsverpflichtung ausschlie\u00dflich in dem Fall in Kraft treten, in dem der Autor von den Inhalten Kenntnis hat und es ihm technisch m\u00f6glich und zumutbar w\u00e4re, die Nutzung im Falle rechtswidriger Inhalte zu verhindern. Der Autor erkl\u00e4rt hiermit ausdr\u00fccklich, dass zum Zeitpunkt der Linksetzung keine illegalen Inhalte auf den zu verlinkenden Seiten erkennbar waren. Auf die aktuelle und zuk\u00fcnftige Gestaltung, die Inhalte oder die Urheberschaft der verlinkten\/verkn\u00fcpften Seiten hat der Autor keinerlei Einfluss. Deshalb distanziert er sich hiermit ausdr\u00fccklich von allen Inhalten aller verlinkten \/verkn\u00fcpften Seiten, die nach der Linksetzung ver\u00e4ndert wurden. Diese Feststellung gilt f\u00fcr alle innerhalb des eigenen Internetangebotes gesetzten Links und Verweise sowie f\u00fcr Fremdeintr\u00e4ge in vom Autor eingerichteten G\u00e4steb\u00fcchern, Diskussionsforen, Linkverzeichnissen, Mailinglisten und in allen anderen Formen von Datenbanken, auf deren Inhalt externe Schreibzugriffe m\u00f6glich sind. F\u00fcr illegale, fehlerhafte oder unvollst\u00e4ndige Inhalte und insbesondere f\u00fcr Sch\u00e4den, die aus der Nutzung oder Nichtnutzung solcherart dargebotener Informationen entstehen, haftet allein der Anbieter der Seite, auf welche verwiesen wurde, nicht derjenige, der \u00fcber Links auf die jeweilige Ver\u00f6ffentlichung lediglich verweist.<\/p>\n\n\n\n<p>Der Autor ist bestrebt, in allen Publikationen die Urheberrechte der verwendeten Bilder, Grafiken, Tondokumente, Videosequenzen und Texte zu beachten, von ihm selbst erstellte Bilder, Grafiken, Tondokumente, Videosequenzen und Texte zu nutzen oder auf lizenzfreie Grafiken, Tondokumente, Videosequenzen und Texte zur\u00fcckzugreifen. Alle innerhalb des Internetangebotes genannten und ggf. durch Dritte gesch\u00fctzten Marken- und Warenzeichen unterliegen uneingeschr\u00e4nkt den Bestimmungen des jeweils g\u00fcltigen Kennzeichenrechts und den Besitzrechten der jeweiligen eingetragenen Eigent\u00fcmer. Allein aufgrund der blo\u00dfen Nennung ist nicht der Schluss zu ziehen, dass Markenzeichen nicht durch Rechte Dritter gesch\u00fctzt sind! Das Copyright f\u00fcr ver\u00f6ffentlichte, vom Autor selbst erstellte Objekte bleibt allein beim Autor der Seiten. Eine Vervielf\u00e4ltigung oder Verwendung solcher Grafiken, Tondokumente, Videosequenzen und Texte in anderen elektronischen oder gedruckten Publikationen ist ohne ausdr\u00fcckliche Zustimmung des Autors nicht gestattet.<\/p>\n\n\n\n<p>Sofern innerhalb des Internetangebotes die M\u00f6glichkeit zur Eingabe pers\u00f6nlicher oder gesch\u00e4ftlicher Daten (Emailadressen, Namen, Anschriften) besteht, so erfolgt die Preisgabe dieser Daten seitens des Nutzers auf ausdr\u00fccklich freiwilliger Basis. Die Inanspruchnahme und Bezahlung aller angebotenen Dienste ist \u2013 soweit technisch m\u00f6glich und zumutbar \u2013 auch ohne Angabe solcher Daten bzw. unter Angabe anonymisierter Daten oder eines Pseudonyms gestattet. Die Nutzung der im Rahmen des Impressums oder vergleichbarer Angaben ver\u00f6ffentlichten Kontaktdaten wie Postanschriften, Telefon- und Faxnummern sowie Emailadressen durch Dritte zur \u00dcbersendung von nicht ausdr\u00fccklich angeforderten Informationen ist nicht gestattet. Rechtliche Schritte gegen die Versender von sogenannten Spam-Mails bei Verst\u00f6ssen gegen dieses Verbot sind ausdr\u00fccklich vorbehalten.<\/p>\n\n\n\n<p>Diese Website benutzt Google Adsense, einen Webanzeigendienst der Google Inc., USA (\u201cGoogle\u201d). Google Adsense verwendet sog. \u201cCookies\u201d (Textdateien), die auf Ihrem Computer gespeichert werden und die eine Analyse der Benutzung der Website durch Sie erm\u00f6glicht. Google Adsense verwendet auch sog. \u201cWeb Beacons\u201d (kleine unsichtbare Grafiken) zur Sammlung von Informationen. Durch die Verwendung des Web Beacons k\u00f6nnen einfache Aktionen wie der Besucherverkehr auf der Webseite aufgezeichnet und gesammelt werden. Die durch den Cookie und\/oder Web Beacon erzeugten Informationen \u00fcber Ihre Benutzung diese Website (einschlie\u00dflich Ihrer IP-Adresse) werden an einen Server von Google in den USA \u00fcbertragen und dort gespeichert. Google wird diese Informationen benutzen, um Ihre Nutzung der Website im Hinblick auf die Anzeigen auszuwerten, um Reports \u00fcber die Websiteaktivit\u00e4ten und Anzeigen f\u00fcr die Websitebetreiber zusammenzustellen und um weitere mit der Websitenutzung und der Internetnutzung verbundene Dienstleistungen zu erbringen. Auch wird Google diese Informationen gegebenenfalls an Dritte \u00fcbertragen, sofern dies gesetzlich vorgeschrieben oder soweit Dritte diese Daten im Auftrag von Google verarbeiten. Google wird in keinem Fall Ihre IP-Adresse mit anderen Daten der Google in Verbindung bringen. Das Speichern von Cookies auf Ihrer Festplatte und die Anzeige von Web Beacons k\u00f6nnen Sie verhindern, indem Sie in Ihren Browser-Einstellungen \u201ckeine Cookies akzeptieren\u201d w\u00e4hlen (Im MS Internet-Explorer unter \u201cExtras &gt; Internetoptionen &gt; Datenschutz &gt; Einstellung\u201d; im Firefox unter \u201cExtras &gt; Einstellungen &gt; Datenschutz &gt; Cookies\u201d); wir weisen Sie jedoch darauf hin, dass Sie in diesem Fall gegebenenfalls nicht s\u00e4mtliche Funktionen dieser Website voll umf\u00e4nglich nutzen k\u00f6nnen. Durch die Nutzung dieser Website erkl\u00e4ren Sie sich mit der Bearbeitung der \u00fcber Sie erhobenen Daten durch Google in der zuvor beschriebenen Art und Weise und zu dem zuvor benannten Zweck einverstanden.<\/p>\n\n\n\n<p>Diese Website benutzt Google Analytics, einen Webanalysedienst der Google Inc. (\u201cGoogle\u201d). Google Analytics verwendet sog. \u201cCookies\u201d, Textdateien, die auf Ihrem Computer gespeichert werden und die eine Analyse der Benutzung der Website durch Sie erm\u00f6glicht. Die durch den Cookie erzeugten Informationen \u00fcber Ihre Benutzung diese Website (einschlie\u00dflich Ihrer IP-Adresse) wird an einen Server von Google in den USA \u00fcbertragen und dort gespeichert. Google wird diese Informationen benutzen, um Ihre Nutzung der Website auszuwerten, um Reports \u00fcber die Websiteaktivit\u00e4ten f\u00fcr die Websitebetreiber zusammenzustellen und um weitere mit der Websitenutzung und der Internetnutzung verbundene Dienstleistungen zu erbringen. Auch wird Google diese Informationen gegebenenfalls an Dritte \u00fcbertragen, sofern dies gesetzlich vorgeschrieben oder soweit Dritte diese Daten im Auftrag von Google verarbeiten. Google wird in keinem Fall Ihre IP-Adresse mit anderen Daten der Google in Verbindung bringen. Sie k\u00f6nnen die Installation der Cookies durch eine entsprechende Einstellung Ihrer Browser Software verhindern; wir weisen Sie jedoch darauf hin, dass Sie in diesem Fall gegebenenfalls nicht s\u00e4mtliche Funktionen dieser Website voll umf\u00e4nglich nutzen k\u00f6nnen. Durch die Nutzung dieser Website erkl\u00e4ren Sie sich mit der Bearbeitung der \u00fcber Sie erhobenen Daten durch Google in der zuvor beschriebenen Art und Weise und zu dem zuvor benannten Zweck einverstanden.<\/p>\n\n\n\n<p>Dieser Haftungsausschluss\/Disclaimer ist als Teil des Internetangebotes zu betrachten, von dem aus auf diese Seite verwiesen wurde. Sofern Teile oder einzelne Formulierungen dieses Textes der geltenden Rechtslage nicht, nicht mehr oder nicht vollst\u00e4ndig entsprechen sollten, bleiben die \u00fcbrigen Teile des Dokumentes in ihrem Inhalt und ihrer G\u00fcltigkeit davon unber\u00fchrt.<\/p>\n","protected":false},"excerpt":{"rendered":"<p>Informationspflicht laut \u00a75 E-Commerce Gesetz, \u00a714 Unternehmensgesetzbuch, \u00a763 Gewerbeordnung und Offenlegungspflicht laut \u00a725 Mediengesetz. Maradentro e.U.Dr. Helmut PiseckyT\u00f6llergasse 13\/2\/233A-1210 Wienwww.maradentro.atoffice [at] maradentro.atTel. 0699 1 9072097 maradentro e.U.Sitz: WienFN: 336435h, HG WienUID: ATU65401399Mitglied der Wirtschaftskammer Wien,&hellip; <a href=\"https:\/\/maradentro.at\/?page_id=58\">Mehr<\/a><\/p>\n","protected":false},"author":1,"featured_media":0,"parent":0,"menu_order":0,"comment_status":"closed","ping_status":"closed","template":"","meta":{"footnotes":""},"_links":{"self":[{"href":"https:\/\/maradentro.at\/index.php?rest_route=\/wp\/v2\/pages\/58"}],"collection":[{"href":"https:\/\/maradentro.at\/index.php?rest_route=\/wp\/v2\/pages"}],"about":[{"href":"https:\/\/maradentro.at\/index.php?rest_route=\/wp\/v2\/types\/page"}],"author":[{"embeddable":true,"href":"https:\/\/maradentro.at\/index.php?rest_route=\/wp\/v2\/users\/1"}],"replies":[{"embeddable":true,"href":"https:\/\/maradentro.at\/index.php?rest_route=%2Fwp%2Fv2%2Fcomments&post=58"}],"version-history":[{"count":12,"href":"https:\/\/maradentro.at\/index.php?rest_route=\/wp\/v2\/pages\/58\/revisions"}],"predecessor-version":[{"id":176,"href":"https:\/\/maradentro.at\/index.php?rest_route=\/wp\/v2\/pages\/58\/revisions\/176"}],"wp:attachment":[{"href":"https:\/\/maradentro.at\/index.php?rest_route=%2Fwp%2Fv2%2Fmedia&parent=58"}],"curies":[{"name":"wp","href":"https:\/\/api.w.org\/{rel}","templated":true}]}}